{"id":131159,"date":"2020-08-16T14:41:52","date_gmt":"2020-08-16T19:41:52","guid":{"rendered":"https:\/\/store.cafeyaroma.com\/?post_type=product&#038;p=131159"},"modified":"2022-03-07T14:46:45","modified_gmt":"2022-03-07T19:46:45","slug":"cafe-don-bartolo-robusta-natural-ground-coffee","status":"publish","type":"product","link":"https:\/\/store.cafeyaroma.com\/en\/producto\/cafe-don-bartolo-robusta-natural-ground-coffee\/","title":{"rendered":"Caf\u00e9 Don Bartolo &#8211; Robusta Natural Ground Coffee"},"content":{"rendered":"<p style=\"text-align: center;\">In the 50s near Uni\u00f3n de Pi\u00f1a Town in the Altos de las Nubes place, Costa Abajo de Col\u00f3n, Don Bartolo Becerra rip. Started with seedlings brought from Costa Rica, their traditional robusta coffee cultivation. After years of being abandoned, the Quezada Family takes up the activities of the farm to start a new stage. 13 years ago, Javier Quezada, grandson of Don Bartolo, is currently engaged in the development of the farm, which has an area of 2.3 Ha. The farm is characterized by not using agrochemicals and uses natural systems for pest control. It dries its grains after being harvested in African beds in a honey and natural process. After he has the green coffee, he sends it to Boquete to make the dark roast or French espresso with a development that must be printed on the robusta bean from Caf\u00e9 Don Bartolo so that the best of its aromas and flavors is obtained.<\/p>\n","protected":false},"excerpt":{"rendered":"<p style=\"text-align: center;\"><strong>Specie:<\/strong> Canephora. <strong>Variety:<\/strong> Robusta. <strong>Process:<\/strong> Natural. <strong>Region:<\/strong> Province of Col\u00f3n, Costa Abajo of Col\u00f3n, Chagres District, Pi\u00f1a Township. <strong>Hight: <\/strong>600 msnm<\/p>\n<p style=\"text-align: center;\"><strong>Flavor and Aroma:<\/strong> Bitter chocolate, with character and that traditional flavor of strong coffee.<\/p>\n<p style=\"text-align: center;\"><strong>\u00a8FROM THE MOUNTAIN TO THE CUP\u00a8<\/strong><\/p>\n","protected":false},"featured_media":182782,"comment_status":"closed","ping_status":"closed","template":"","meta":{"site-sidebar-layout":"default","site-content-layout":"default","ast-site-content-layout":"default","site-content-style":"default","site-sidebar-style":"default","ast-global-header-display":"","ast-banner-title-visibility":"","ast-main-header-display":"","ast-hfb-above-header-display":"","ast-hfb-below-header-display":"","ast-hfb-mobile-header-display":"","site-post-title":"","ast-breadcrumbs-content":"","ast-featured-img":"","footer-sml-layout":"","ast-disable-related-posts":"","theme-transparent-header-meta":"default","adv-header-id-meta":"","stick-header-meta":"","header-above-stick-meta":"","header-main-stick-meta":"","header-below-stick-meta":"","astra-migrate-meta-layouts":"default","ast-page-background-enabled":"default","ast-page-background-meta":{"desktop":{"background-color":"var(--ast-global-color-4)","background-image":"","background-repeat":"repeat","background-position":"center center","background-size":"auto","background-attachment":"scroll","background-type":"","background-media":"","overlay-type":"","overlay-color":"","overlay-opacity":"","overlay-gradient":""},"tablet":{"background-color":"","background-image":"","background-repeat":"repeat","background-position":"center center","background-size":"auto","background-attachment":"scroll","background-type":"","background-media":"","overlay-type":"","overlay-color":"","overlay-opacity":"","overlay-gradient":""},"mobile":{"background-color":"","background-image":"","background-repeat":"repeat","background-position":"center center","background-size":"auto","background-attachment":"scroll","background-type":"","background-media":"","overlay-type":"","overlay-color":"","overlay-opacity":"","overlay-gradient":""}},"ast-content-background-meta":{"desktop":{"background-color":"var(--ast-global-color-5)","background-image":"","background-repeat":"repeat","background-position":"center center","background-size":"auto","background-attachment":"scroll","background-type":"","background-media":"","overlay-type":"","overlay-color":"","overlay-opacity":"","overlay-gradient":""},"tablet":{"background-color":"var(--ast-global-color-5)","background-image":"","background-repeat":"repeat","background-position":"center center","background-size":"auto","background-attachment":"scroll","background-type":"","background-media":"","overlay-type":"","overlay-color":"","overlay-opacity":"","overlay-gradient":""},"mobile":{"background-color":"var(--ast-global-color-5)","background-image":"","background-repeat":"repeat","background-position":"center center","background-size":"auto","background-attachment":"scroll","background-type":"","background-media":"","overlay-type":"","overlay-color":"","overlay-opacity":"","overlay-gradient":""}}},"product_brand":[],"product_cat":[330],"product_tag":[332,248,237,318,251,377,234],"class_list":{"0":"post-131159","1":"product","2":"type-product","3":"status-publish","4":"has-post-thumbnail","6":"product_cat-categoria-cafe-don-bartolo-en","7":"product_tag-cafe-don-bartolo-en","8":"product_tag-dark-en","9":"product_tag-ground-en","10":"product_tag-natural-en","11":"product_tag-robusta-en","12":"product_tag-single-variety-en","13":"product_tag-specialty-coffees-en","14":"desktop-align-left","15":"tablet-align-left","16":"mobile-align-left","18":"first","19":"outofstock","20":"sale","21":"taxable","22":"shipping-taxable","23":"purchasable","24":"product-type-simple"},"_links":{"self":[{"href":"https:\/\/store.cafeyaroma.com\/en\/wp-json\/wp\/v2\/product\/131159","targetHints":{"allow":["GET"]}}],"collection":[{"href":"https:\/\/store.cafeyaroma.com\/en\/wp-json\/wp\/v2\/product"}],"about":[{"href":"https:\/\/store.cafeyaroma.com\/en\/wp-json\/wp\/v2\/types\/product"}],"replies":[{"embeddable":true,"href":"https:\/\/store.cafeyaroma.com\/en\/wp-json\/wp\/v2\/comments?post=131159"}],"wp:featuredmedia":[{"embeddable":true,"href":"https:\/\/store.cafeyaroma.com\/en\/wp-json\/wp\/v2\/media\/182782"}],"wp:attachment":[{"href":"https:\/\/store.cafeyaroma.com\/en\/wp-json\/wp\/v2\/media?parent=131159"}],"wp:term":[{"taxonomy":"product_brand","embeddable":true,"href":"https:\/\/store.cafeyaroma.com\/en\/wp-json\/wp\/v2\/product_brand?post=131159"},{"taxonomy":"product_cat","embeddable":true,"href":"https:\/\/store.cafeyaroma.com\/en\/wp-json\/wp\/v2\/product_cat?post=131159"},{"taxonomy":"product_tag","embeddable":true,"href":"https:\/\/store.cafeyaroma.com\/en\/wp-json\/wp\/v2\/product_tag?post=131159"}],"curies":[{"name":"wp","href":"https:\/\/api.w.org\/{rel}","templated":true}]}}