{"id":180576,"date":"2020-10-21T10:57:14","date_gmt":"2020-10-21T15:57:14","guid":{"rendered":"https:\/\/store.cafeyaroma.com\/?post_type=product&#038;p=180576"},"modified":"2021-11-07T23:24:16","modified_gmt":"2021-11-08T04:24:16","slug":"cafe-castelara-premium-blend-whole-bean-coffee","status":"publish","type":"product","link":"https:\/\/store.cafeyaroma.com\/en\/producto\/cafe-castelara-premium-blend-whole-bean-coffee\/","title":{"rendered":"Caf\u00e9 Castelara &#8211; Premium Blend Whole Bean Coffee"},"content":{"rendered":"<p style=\"text-align: center;\">The Finca is located at a height between 1600 to 1700 meters above sea level; It has an exuberant fauna, varieties of wild orchids, with all the characteristics to develop tourist projects.<br \/>\nIn the 70s, Mr. Carlos Castillo Villarreal bought the farm from Mr. Sebasti\u00e1n Miranda, cultivated with Creole coffee. Later, Mr. Carlos Castillo Villarreal, in the 80s, bought another farm from Mr. Julio Estrib\u00ed, and managed to unite the two farms. In 2005, Mr. Carlos Castillo (son) bought another farm from Mr. Carlos Iv\u00e1n Z\u00fa\u00f1iga. Currently the three farms are united, and all are cultivated with coffee, fruit trees and have forest areas and forests.<br \/>\nIn previous years, this farm achieved the first place in Special Cafes. Currently, the production of coffee of the Catua\u00ed, Pacamara and Geisha varieties continues. The farm is cultivated in its majority of the Catua\u00ed variety, with some plots in production of Geisha.<br \/>\nOur objective at Finca Castelara, is the production of quality specialty coffee, using good agricultural practices, we make our own organic fertilizer of coffee pulp, in order to condition the soil improving its humus content, stimulating the micro and meso biological life of the soil.<\/p>\n","protected":false},"excerpt":{"rendered":"<p style=\"text-align: center;\"><strong>Region:<\/strong> Boquete, Panama. <strong>Height:<\/strong> 1600 &#8211; 1750 masl. <strong>Estate:<\/strong> Caf\u00e9 Castelara 1960<\/p>\n<p style=\"text-align: center;\"><strong>Variety:<\/strong> Catua\u00ed. <strong>Process:<\/strong> Washing. <strong>Roast:<\/strong> Medium<\/p>\n<p style=\"text-align: center;\"><strong>Flavor Description:<\/strong> Peach, orange and honey<\/p>\n<p>&nbsp;<\/p>\n","protected":false},"featured_media":181463,"comment_status":"closed","ping_status":"closed","template":"","meta":{"site-sidebar-layout":"default","site-content-layout":"default","ast-site-content-layout":"default","site-content-style":"default","site-sidebar-style":"default","ast-global-header-display":"","ast-banner-title-visibility":"","ast-main-header-display":"","ast-hfb-above-header-display":"","ast-hfb-below-header-display":"","ast-hfb-mobile-header-display":"","site-post-title":"","ast-breadcrumbs-content":"","ast-featured-img":"","footer-sml-layout":"","ast-disable-related-posts":"","theme-transparent-header-meta":"default","adv-header-id-meta":"","stick-header-meta":"","header-above-stick-meta":"","header-main-stick-meta":"","header-below-stick-meta":"","astra-migrate-meta-layouts":"default","ast-page-background-enabled":"default","ast-page-background-meta":{"desktop":{"background-color":"var(--ast-global-color-4)","background-image":"","background-repeat":"repeat","background-position":"center center","background-size":"auto","background-attachment":"scroll","background-type":"","background-media":"","overlay-type":"","overlay-color":"","overlay-opacity":"","overlay-gradient":""},"tablet":{"background-color":"","background-image":"","background-repeat":"repeat","background-position":"center center","background-size":"auto","background-attachment":"scroll","background-type":"","background-media":"","overlay-type":"","overlay-color":"","overlay-opacity":"","overlay-gradient":""},"mobile":{"background-color":"","background-image":"","background-repeat":"repeat","background-position":"center center","background-size":"auto","background-attachment":"scroll","background-type":"","background-media":"","overlay-type":"","overlay-color":"","overlay-opacity":"","overlay-gradient":""}},"ast-content-background-meta":{"desktop":{"background-color":"var(--ast-global-color-5)","background-image":"","background-repeat":"repeat","background-position":"center center","background-size":"auto","background-attachment":"scroll","background-type":"","background-media":"","overlay-type":"","overlay-color":"","overlay-opacity":"","overlay-gradient":""},"tablet":{"background-color":"var(--ast-global-color-5)","background-image":"","background-repeat":"repeat","background-position":"center center","background-size":"auto","background-attachment":"scroll","background-type":"","background-media":"","overlay-type":"","overlay-color":"","overlay-opacity":"","overlay-gradient":""},"mobile":{"background-color":"var(--ast-global-color-5)","background-image":"","background-repeat":"repeat","background-position":"center center","background-size":"auto","background-attachment":"scroll","background-type":"","background-media":"","overlay-type":"","overlay-color":"","overlay-opacity":"","overlay-gradient":""}}},"product_brand":[],"product_cat":[256],"product_tag":[232,252,250,239,430,234,228],"class_list":{"0":"post-180576","1":"product","2":"type-product","3":"status-publish","4":"has-post-thumbnail","6":"product_cat-categoria-cafe-castelara-en","7":"product_tag-arabica-en","8":"product_tag-blend-en","9":"product_tag-cafe-castelara-en","10":"product_tag-medium-en","11":"product_tag-on-sale-en","12":"product_tag-specialty-coffees-en","13":"product_tag-whole-bean-en","14":"desktop-align-left","15":"tablet-align-left","16":"mobile-align-left","18":"first","19":"outofstock","20":"sale","21":"taxable","22":"shipping-taxable","23":"purchasable","24":"product-type-simple"},"_links":{"self":[{"href":"https:\/\/store.cafeyaroma.com\/en\/wp-json\/wp\/v2\/product\/180576","targetHints":{"allow":["GET"]}}],"collection":[{"href":"https:\/\/store.cafeyaroma.com\/en\/wp-json\/wp\/v2\/product"}],"about":[{"href":"https:\/\/store.cafeyaroma.com\/en\/wp-json\/wp\/v2\/types\/product"}],"replies":[{"embeddable":true,"href":"https:\/\/store.cafeyaroma.com\/en\/wp-json\/wp\/v2\/comments?post=180576"}],"wp:featuredmedia":[{"embeddable":true,"href":"https:\/\/store.cafeyaroma.com\/en\/wp-json\/wp\/v2\/media\/181463"}],"wp:attachment":[{"href":"https:\/\/store.cafeyaroma.com\/en\/wp-json\/wp\/v2\/media?parent=180576"}],"wp:term":[{"taxonomy":"product_brand","embeddable":true,"href":"https:\/\/store.cafeyaroma.com\/en\/wp-json\/wp\/v2\/product_brand?post=180576"},{"taxonomy":"product_cat","embeddable":true,"href":"https:\/\/store.cafeyaroma.com\/en\/wp-json\/wp\/v2\/product_cat?post=180576"},{"taxonomy":"product_tag","embeddable":true,"href":"https:\/\/store.cafeyaroma.com\/en\/wp-json\/wp\/v2\/product_tag?post=180576"}],"curies":[{"name":"wp","href":"https:\/\/api.w.org\/{rel}","templated":true}]}}