{"id":183992,"date":"2022-11-16T10:23:04","date_gmt":"2022-11-16T15:23:05","guid":{"rendered":"https:\/\/store.cafeyaroma.com\/?post_type=product&#038;p=183992"},"modified":"2025-07-10T17:36:39","modified_gmt":"2025-07-10T22:36:39","slug":"cafe-suarez-catuai-box-edition","status":"publish","type":"product","link":"https:\/\/store.cafeyaroma.com\/en\/producto\/cafe-suarez-catuai-box-edition\/","title":{"rendered":"Caf\u00e9 Suarez &#8211; Catuai Traditional Washed 400g Whole Bean"},"content":{"rendered":"<p style=\"text-align: center;\">Coming from Bel\u00e9n, Middle East, Domingo Suadi known as Domingo Su\u00e1rez and his wife Antonia, in the year 1900 settled in the highlands of Boquete, Chiriqu\u00ed; where they planted the first 70,000 coffee trees on a 70-hectare site in the Alto Quiel region, a coffee-growing area by excellence, considered \u201cthe best coffee-growing region in the world\u201d in terms of the quality of the coffee produced there.<br \/>\nThe Su\u00e1rezs were pioneers in the cultivation of coffee and began a long family tradition that was continued by their children: Eliseo, Delia, Amado Juanita, Vidal and Venacio; and as well as his grandson Isaac M. &#8220;Tito&#8221; Su\u00e1rez and children.<br \/>\nMore a hundred years later, our coffee beans are still washed with pure water from the Alto Quiel mountains. Like our grandparents, coffee is still traditionally dried in the sun with controlled humidity to maintain the natural flavor of the smooth coffees of yesteryear.<br \/>\nAs a tribute to grandfather Domingo and &#8220;mamita&#8221; Antonia; the fourth generation Su\u00e1rez uses its original recipe and presents modern and colorful packaging in which the aroma, quality and flavor of Arabico coffee are preserved, gourmet for excellence, with the merit of a hundred percent high-altitude coffee backed by our tradition family.<\/p>\n","protected":false},"excerpt":{"rendered":"<p style=\"text-align: center;\"><strong>Variety:<\/strong> Catuai <strong>Process:<\/strong> Washed <strong>Fragance<\/strong>: Walnuts\u00a0 <strong>Notes:<\/strong>\u00a0 Chocolate &amp; Hazelnuts<\/p>\n<p style=\"text-align: center;\">Buying our coffee you are supporting the Panamanian coffee growing and business with which around one hundred families benefit, with direct jobs, making part of an active social contribution, seeking the social, economic and environmental improvement of Panamanian labor. within the highest standards of corporate social responsibility.<\/p>\n<p style=\"text-align: center;\">\n","protected":false},"featured_media":182047,"comment_status":"closed","ping_status":"closed","template":"","meta":{"site-sidebar-layout":"default","site-content-layout":"default","ast-site-content-layout":"default","site-content-style":"default","site-sidebar-style":"default","ast-global-header-display":"","ast-banner-title-visibility":"","ast-main-header-display":"","ast-hfb-above-header-display":"","ast-hfb-below-header-display":"","ast-hfb-mobile-header-display":"","site-post-title":"","ast-breadcrumbs-content":"","ast-featured-img":"","footer-sml-layout":"","ast-disable-related-posts":"","theme-transparent-header-meta":"default","adv-header-id-meta":"","stick-header-meta":"","header-above-stick-meta":"","header-main-stick-meta":"","header-below-stick-meta":"","astra-migrate-meta-layouts":"set","ast-page-background-enabled":"default","ast-page-background-meta":{"desktop":{"background-color":"var(--ast-global-color-4)","background-image":"","background-repeat":"repeat","background-position":"center center","background-size":"auto","background-attachment":"scroll","background-type":"","background-media":"","overlay-type":"","overlay-color":"","overlay-opacity":"","overlay-gradient":""},"tablet":{"background-color":"","background-image":"","background-repeat":"repeat","background-position":"center center","background-size":"auto","background-attachment":"scroll","background-type":"","background-media":"","overlay-type":"","overlay-color":"","overlay-opacity":"","overlay-gradient":""},"mobile":{"background-color":"","background-image":"","background-repeat":"repeat","background-position":"center center","background-size":"auto","background-attachment":"scroll","background-type":"","background-media":"","overlay-type":"","overlay-color":"","overlay-opacity":"","overlay-gradient":""}},"ast-content-background-meta":{"desktop":{"background-color":"var(--ast-global-color-5)","background-image":"","background-repeat":"repeat","background-position":"center center","background-size":"auto","background-attachment":"scroll","background-type":"","background-media":"","overlay-type":"","overlay-color":"","overlay-opacity":"","overlay-gradient":""},"tablet":{"background-color":"var(--ast-global-color-5)","background-image":"","background-repeat":"repeat","background-position":"center center","background-size":"auto","background-attachment":"scroll","background-type":"","background-media":"","overlay-type":"","overlay-color":"","overlay-opacity":"","overlay-gradient":""},"mobile":{"background-color":"var(--ast-global-color-5)","background-image":"","background-repeat":"repeat","background-position":"center center","background-size":"auto","background-attachment":"scroll","background-type":"","background-media":"","overlay-type":"","overlay-color":"","overlay-opacity":"","overlay-gradient":""}}},"product_brand":[],"product_cat":[353],"product_tag":[232,359,319,239,377,234,324,228],"class_list":{"0":"post-183992","1":"product","2":"type-product","3":"status-publish","4":"has-post-thumbnail","6":"product_cat-categoria-cafe-suarez-en","7":"product_tag-arabica-en","8":"product_tag-cafe-suarez-en","9":"product_tag-catuai-en","10":"product_tag-medium-en","11":"product_tag-single-variety-en","12":"product_tag-specialty-coffees-en","13":"product_tag-washed-en","14":"product_tag-whole-bean-en","15":"desktop-align-left","16":"tablet-align-left","17":"mobile-align-left","19":"first","20":"instock","21":"taxable","22":"shipping-taxable","23":"purchasable","24":"product-type-simple"},"_links":{"self":[{"href":"https:\/\/store.cafeyaroma.com\/en\/wp-json\/wp\/v2\/product\/183992","targetHints":{"allow":["GET"]}}],"collection":[{"href":"https:\/\/store.cafeyaroma.com\/en\/wp-json\/wp\/v2\/product"}],"about":[{"href":"https:\/\/store.cafeyaroma.com\/en\/wp-json\/wp\/v2\/types\/product"}],"replies":[{"embeddable":true,"href":"https:\/\/store.cafeyaroma.com\/en\/wp-json\/wp\/v2\/comments?post=183992"}],"wp:featuredmedia":[{"embeddable":true,"href":"https:\/\/store.cafeyaroma.com\/en\/wp-json\/wp\/v2\/media\/182047"}],"wp:attachment":[{"href":"https:\/\/store.cafeyaroma.com\/en\/wp-json\/wp\/v2\/media?parent=183992"}],"wp:term":[{"taxonomy":"product_brand","embeddable":true,"href":"https:\/\/store.cafeyaroma.com\/en\/wp-json\/wp\/v2\/product_brand?post=183992"},{"taxonomy":"product_cat","embeddable":true,"href":"https:\/\/store.cafeyaroma.com\/en\/wp-json\/wp\/v2\/product_cat?post=183992"},{"taxonomy":"product_tag","embeddable":true,"href":"https:\/\/store.cafeyaroma.com\/en\/wp-json\/wp\/v2\/product_tag?post=183992"}],"curies":[{"name":"wp","href":"https:\/\/api.w.org\/{rel}","templated":true}]}}