{"id":27199,"date":"2020-02-05T11:25:42","date_gmt":"2020-02-05T16:25:42","guid":{"rendered":"https:\/\/store.cafeyaroma.com\/producto\/cafe-don-benjie-yellow-catuai\/"},"modified":"2025-08-05T22:10:20","modified_gmt":"2025-08-06T03:10:20","slug":"cafe-don-benjie-yellow-catuai-natural-whole-bean-coffee","status":"publish","type":"product","link":"https:\/\/store.cafeyaroma.com\/en\/producto\/cafe-don-benjie-yellow-catuai-natural-whole-bean-coffee\/","title":{"rendered":"Caf\u00e9 Don Benjie &#8211; Yellow Catua\u00ed Natural Whole Bean Coffee"},"content":{"rendered":"<h3 data-start=\"813\" data-end=\"847\"><\/h3>\n<h3 style=\"text-align: center;\" data-start=\"813\" data-end=\"847\"><strong data-start=\"822\" data-end=\"847\">Caf\u00e9 &amp; Aroma Roasters<\/strong><\/h3>\n<p>&nbsp;<\/p>\n<p style=\"text-align: center;\" data-start=\"849\" data-end=\"977\">At <strong data-start=\"852\" data-end=\"868\">C&amp;A Roasters<\/strong>, we are the creative lab of <strong data-start=\"897\" data-end=\"913\">Caf\u00e9 &amp; Aroma<\/strong>\u2014a space where the craft of roasting meets bold experimentation.<\/p>\n<p style=\"text-align: center;\" data-start=\"979\" data-end=\"1108\">Here, we carefully roast each batch and explore new ways to highlight flavor profiles, blending science, passion, and innovation.<\/p>\n<p style=\"text-align: center;\" data-start=\"1110\" data-end=\"1239\">We regularly launch limited-edition <em>single origins and blends<\/em> designed for you to experience unique combinations of thoughtfully selected varieties.<\/p>\n<p style=\"text-align: center;\" data-start=\"1241\" data-end=\"1383\">At <strong data-start=\"1244\" data-end=\"1260\">C&amp;A Roasters<\/strong>, we don\u2019t just follow formulas\u2014we reinvent them. Each blend is born from our desire to create something truly exceptional.<\/p>\n<blockquote data-start=\"1385\" data-end=\"1452\">\n<p style=\"text-align: center;\" data-start=\"1387\" data-end=\"1452\"><em data-start=\"1387\" data-end=\"1452\">&#8220;We roast with magic to bring out the very best in every bean.&#8221;<\/em><\/p>\n<\/blockquote>\n<p style=\"text-align: center;\" data-start=\"1387\" data-end=\"1452\"><img fetchpriority=\"high\" decoding=\"async\" class=\"alignnone wp-image-185015\" src=\"https:\/\/store.cafeyaroma.com\/wp-content\/uploads\/2023\/07\/Logo-CAR-ORIGINAL-300x300.jpg\" alt=\"\" width=\"247\" height=\"247\" srcset=\"https:\/\/store.cafeyaroma.com\/wp-content\/uploads\/2023\/07\/Logo-CAR-ORIGINAL-100x100.jpg 100w, https:\/\/store.cafeyaroma.com\/wp-content\/uploads\/2023\/07\/Logo-CAR-ORIGINAL-150x150.jpg 150w, https:\/\/store.cafeyaroma.com\/wp-content\/uploads\/2023\/07\/Logo-CAR-ORIGINAL-300x300.jpg 300w, https:\/\/store.cafeyaroma.com\/wp-content\/uploads\/2023\/07\/Logo-CAR-ORIGINAL-500x500.jpg 500w, https:\/\/store.cafeyaroma.com\/wp-content\/uploads\/2023\/07\/Logo-CAR-ORIGINAL-700x700.jpg 700w, https:\/\/store.cafeyaroma.com\/wp-content\/uploads\/2023\/07\/Logo-CAR-ORIGINAL-768x768.jpg 768w, https:\/\/store.cafeyaroma.com\/wp-content\/uploads\/2023\/07\/Logo-CAR-ORIGINAL-1024x1024.jpg 1024w, https:\/\/store.cafeyaroma.com\/wp-content\/uploads\/2023\/07\/Logo-CAR-ORIGINAL-1536x1536.jpg 1536w\" sizes=\"(max-width: 247px) 100vw, 247px\" \/><img decoding=\"async\" class=\"alignnone wp-image-185017\" src=\"https:\/\/store.cafeyaroma.com\/wp-content\/uploads\/2023\/07\/Logo-CA-Fondo-Blanco-300x209.jpg\" alt=\"\" width=\"281\" height=\"196\" srcset=\"https:\/\/store.cafeyaroma.com\/wp-content\/uploads\/2023\/07\/Logo-CA-Fondo-Blanco-300x209.jpg 300w, https:\/\/store.cafeyaroma.com\/wp-content\/uploads\/2023\/07\/Logo-CA-Fondo-Blanco-500x349.jpg 500w, https:\/\/store.cafeyaroma.com\/wp-content\/uploads\/2023\/07\/Logo-CA-Fondo-Blanco-700x488.jpg 700w, https:\/\/store.cafeyaroma.com\/wp-content\/uploads\/2023\/07\/Logo-CA-Fondo-Blanco-768x535.jpg 768w, https:\/\/store.cafeyaroma.com\/wp-content\/uploads\/2023\/07\/Logo-CA-Fondo-Blanco-1024x714.jpg 1024w, https:\/\/store.cafeyaroma.com\/wp-content\/uploads\/2023\/07\/Logo-CA-Fondo-Blanco.jpg 1251w\" sizes=\"(max-width: 281px) 100vw, 281px\" \/><\/p>\n<p>&nbsp;<\/p>\n<p style=\"text-align: center;\">The De Dianous family arrived in Boquete in 1914, where Gabriel de Dianous bought the first farm in Bajo Mono.<br \/>\nThe first owner of the \u201cCaf\u00e9 Don Benjie Estate\u201d farm was a Lady of North American origin who was one of the first pioneers in Boquete.<br \/>\nDr. Renan Esquivel, renowned pediatrician and former Minister of Health bought the farm in the 1980s. As a nature enthusiast, he planted several species of exotic trees and plants, among other different varieties of coffee, and today all this resource that brings beauty to the farm.<br \/>\nMessrs. Stefan A. M\u00fcller and Jos\u00e9 Benjam\u00edn de Dianous H. They bought the farm in 2011 and since then they are planting different varieties of coffee such as Geisha, Typica, Caturra, Catuai, Maragogipe, Pacamara, Bourbones and SL28. The coffees are carefully harvest by variety and processed with different methods such as: washed, natural, anaerobic, carbonic, etc.<br \/>\nThe plantation is managed in a nature-friendly way, preserving the flora and fauna of this beautiful farm in Bajo Mono Boquete. Good agricultural practices and worker welfare are important pillars within the Caf\u00e9 Don Benjie Estate philosophy.<br \/>\nThe farm is located at altitudes between 1400 to 1600 masl and has an area of 30 Hectare of which 23 Hectare are planted with coffee and fruit trees. The rest are forests and protected areas.<br \/>\nThe clear waters of the Caldera River border the farm for 1.5 km and contribute to the microclimate of the Bajo Mono region, one of the ideal regions for producing specialty coffee.<\/p>\n","protected":false},"excerpt":{"rendered":"<p style=\"text-align: center;\"><strong>Estate:<\/strong> Don Benjie <strong>Altitude<\/strong><strong>:<\/strong> 1400 masl <strong>Variety:<\/strong> Yellow Catua\u00ed. <strong>Process:<\/strong> Natural<\/p>\n<p style=\"text-align: center;\"><strong>Aroma:<\/strong> Vanilla, Chocolate. <strong>Flavors:<\/strong> Red and citrus fruits, Brown sugar<\/p>\n<p style=\"text-align: center;\">This Yellow Catua\u00ed was delicately selected. It was then left to dry slowly on African beds, constantly moving it.<\/p>\n<p style=\"text-align: center;\">A SELECTION OF<\/p>\n<p style=\"text-align: center;\"><img decoding=\"async\" class=\"alignnone size-full wp-image-19685\" src=\"https:\/\/store.cafeyaroma.com\/wp-content\/uploads\/2019\/04\/logo1_m.png\" alt=\"\" width=\"137\" height=\"70\" \/><\/p>\n<p>&nbsp;<\/p>\n<p>&nbsp;<\/p>\n","protected":false},"featured_media":185158,"comment_status":"closed","ping_status":"closed","template":"","meta":{"site-sidebar-layout":"default","site-content-layout":"default","ast-site-content-layout":"default","site-content-style":"default","site-sidebar-style":"default","ast-global-header-display":"","ast-banner-title-visibility":"","ast-main-header-display":"","ast-hfb-above-header-display":"","ast-hfb-below-header-display":"","ast-hfb-mobile-header-display":"","site-post-title":"","ast-breadcrumbs-content":"","ast-featured-img":"","footer-sml-layout":"","ast-disable-related-posts":"","theme-transparent-header-meta":"default","adv-header-id-meta":"","stick-header-meta":"","header-above-stick-meta":"","header-main-stick-meta":"","header-below-stick-meta":"","astra-migrate-meta-layouts":"set","ast-page-background-enabled":"default","ast-page-background-meta":{"desktop":{"background-color":"var(--ast-global-color-4)","background-image":"","background-repeat":"repeat","background-position":"center center","background-size":"auto","background-attachment":"scroll","background-type":"","background-media":"","overlay-type":"","overlay-color":"","overlay-opacity":"","overlay-gradient":""},"tablet":{"background-color":"","background-image":"","background-repeat":"repeat","background-position":"center center","background-size":"auto","background-attachment":"scroll","background-type":"","background-media":"","overlay-type":"","overlay-color":"","overlay-opacity":"","overlay-gradient":""},"mobile":{"background-color":"","background-image":"","background-repeat":"repeat","background-position":"center center","background-size":"auto","background-attachment":"scroll","background-type":"","background-media":"","overlay-type":"","overlay-color":"","overlay-opacity":"","overlay-gradient":""}},"ast-content-background-meta":{"desktop":{"background-color":"var(--ast-global-color-5)","background-image":"","background-repeat":"repeat","background-position":"center center","background-size":"auto","background-attachment":"scroll","background-type":"","background-media":"","overlay-type":"","overlay-color":"","overlay-opacity":"","overlay-gradient":""},"tablet":{"background-color":"var(--ast-global-color-5)","background-image":"","background-repeat":"repeat","background-position":"center center","background-size":"auto","background-attachment":"scroll","background-type":"","background-media":"","overlay-type":"","overlay-color":"","overlay-opacity":"","overlay-gradient":""},"mobile":{"background-color":"var(--ast-global-color-5)","background-image":"","background-repeat":"repeat","background-position":"center center","background-size":"auto","background-attachment":"scroll","background-type":"","background-media":"","overlay-type":"","overlay-color":"","overlay-opacity":"","overlay-gradient":""}}},"product_brand":[],"product_cat":[524,233],"product_tag":[232,526,227,504,239,318,377,231,234,228],"class_list":{"0":"post-27199","1":"product","2":"type-product","3":"status-publish","4":"has-post-thumbnail","6":"product_cat-categoria-cafe-aroma-roasters-en","7":"product_cat-categoria-cafe-don-benjie-en","8":"product_tag-arabica-en","9":"product_tag-cafe-aroma-roasters-en","10":"product_tag-cafe-don-benjie-en","11":"product_tag-catuai-amarillo-en-2","12":"product_tag-medium-en","13":"product_tag-natural-en","14":"product_tag-single-variety-en","15":"product_tag-special-edition-en","16":"product_tag-specialty-coffees-en","17":"product_tag-whole-bean-en","18":"desktop-align-left","19":"tablet-align-left","20":"mobile-align-left","22":"first","23":"instock","24":"sale","25":"featured","26":"taxable","27":"shipping-taxable","28":"purchasable","29":"product-type-simple"},"_links":{"self":[{"href":"https:\/\/store.cafeyaroma.com\/en\/wp-json\/wp\/v2\/product\/27199","targetHints":{"allow":["GET"]}}],"collection":[{"href":"https:\/\/store.cafeyaroma.com\/en\/wp-json\/wp\/v2\/product"}],"about":[{"href":"https:\/\/store.cafeyaroma.com\/en\/wp-json\/wp\/v2\/types\/product"}],"replies":[{"embeddable":true,"href":"https:\/\/store.cafeyaroma.com\/en\/wp-json\/wp\/v2\/comments?post=27199"}],"wp:featuredmedia":[{"embeddable":true,"href":"https:\/\/store.cafeyaroma.com\/en\/wp-json\/wp\/v2\/media\/185158"}],"wp:attachment":[{"href":"https:\/\/store.cafeyaroma.com\/en\/wp-json\/wp\/v2\/media?parent=27199"}],"wp:term":[{"taxonomy":"product_brand","embeddable":true,"href":"https:\/\/store.cafeyaroma.com\/en\/wp-json\/wp\/v2\/product_brand?post=27199"},{"taxonomy":"product_cat","embeddable":true,"href":"https:\/\/store.cafeyaroma.com\/en\/wp-json\/wp\/v2\/product_cat?post=27199"},{"taxonomy":"product_tag","embeddable":true,"href":"https:\/\/store.cafeyaroma.com\/en\/wp-json\/wp\/v2\/product_tag?post=27199"}],"curies":[{"name":"wp","href":"https:\/\/api.w.org\/{rel}","templated":true}]}}