{"id":27254,"date":"2019-08-29T10:44:28","date_gmt":"2019-08-29T15:44:28","guid":{"rendered":"https:\/\/store.cafeyaroma.com\/producto\/cafe-del-teria-natural-ground-coffee\/"},"modified":"2021-03-25T16:28:22","modified_gmt":"2021-03-25T21:28:22","slug":"cafe-del-teria-robusta-natural-ground-coffee","status":"publish","type":"product","link":"https:\/\/store.cafeyaroma.com\/en\/producto\/cafe-del-teria-robusta-natural-ground-coffee\/","title":{"rendered":"Caf\u00e9 Del Teri\u00e1 &#8211; Robusta Natural Ground Coffee"},"content":{"rendered":"<p style=\"text-align: center;\">Caf\u00e9 del Teri\u00e1 Estate, located within the Canal Basin in the Cacique Region called Teri\u00e1 where the Cerro that characterizes the place and the river that is in charge of touring the fertile lands where the farm is located are named after. Jorge P\u00e9rez, owner of the farm, meets her on a journey with 4 x 4 vehicles in 2009, and is seduced and amazed by the coffee trees with their fruits and some still blooming. He ends up buying the farm and turns it into his passion where he makes improvements and applies knowledge and technology to produce a coffee of the canephora species, robust variety, inshore coffee, with quality standards and special processes that provide very characteristic flavors to the grain. Caf\u00e9 del Teri\u00e1 shows what is produced in the lowlands of Panama and within the Canal Basin, a selection of its special coffee that is characterized by intense flavors and defined by that aroma that is required in a coffee with character.<\/p>\n","protected":false},"excerpt":{"rendered":"<p style=\"text-align: center;\">Caf\u00e9 Del Teri\u00e1 is a coffee with a defined, intense and pronounced aroma, characterized by full-bodied bitter chocolate flavors. <strong>Species:<\/strong> Canephora. <strong>Variety:<\/strong> Robusta. <strong>Process:<\/strong> Natural and Honey. <strong>Region:<\/strong> Cerros Del Teri\u00e1, Province of Panam\u00e1 Oeste, District of Capira. Panama Canal Basin.<\/p>\n<p>&nbsp;<\/p>\n","protected":false},"featured_media":25323,"comment_status":"closed","ping_status":"closed","template":"","meta":{"site-sidebar-layout":"default","site-content-layout":"default","ast-site-content-layout":"default","site-content-style":"default","site-sidebar-style":"default","ast-global-header-display":"","ast-banner-title-visibility":"","ast-main-header-display":"","ast-hfb-above-header-display":"","ast-hfb-below-header-display":"","ast-hfb-mobile-header-display":"","site-post-title":"","ast-breadcrumbs-content":"","ast-featured-img":"","footer-sml-layout":"","ast-disable-related-posts":"","theme-transparent-header-meta":"default","adv-header-id-meta":"","stick-header-meta":"","header-above-stick-meta":"","header-main-stick-meta":"","header-below-stick-meta":"","astra-migrate-meta-layouts":"default","ast-page-background-enabled":"default","ast-page-background-meta":{"desktop":{"background-color":"var(--ast-global-color-4)","background-image":"","background-repeat":"repeat","background-position":"center center","background-size":"auto","background-attachment":"scroll","background-type":"","background-media":"","overlay-type":"","overlay-color":"","overlay-opacity":"","overlay-gradient":""},"tablet":{"background-color":"","background-image":"","background-repeat":"repeat","background-position":"center center","background-size":"auto","background-attachment":"scroll","background-type":"","background-media":"","overlay-type":"","overlay-color":"","overlay-opacity":"","overlay-gradient":""},"mobile":{"background-color":"","background-image":"","background-repeat":"repeat","background-position":"center center","background-size":"auto","background-attachment":"scroll","background-type":"","background-media":"","overlay-type":"","overlay-color":"","overlay-opacity":"","overlay-gradient":""}},"ast-content-background-meta":{"desktop":{"background-color":"var(--ast-global-color-5)","background-image":"","background-repeat":"repeat","background-position":"center center","background-size":"auto","background-attachment":"scroll","background-type":"","background-media":"","overlay-type":"","overlay-color":"","overlay-opacity":"","overlay-gradient":""},"tablet":{"background-color":"var(--ast-global-color-5)","background-image":"","background-repeat":"repeat","background-position":"center center","background-size":"auto","background-attachment":"scroll","background-type":"","background-media":"","overlay-type":"","overlay-color":"","overlay-opacity":"","overlay-gradient":""},"mobile":{"background-color":"var(--ast-global-color-5)","background-image":"","background-repeat":"repeat","background-position":"center center","background-size":"auto","background-attachment":"scroll","background-type":"","background-media":"","overlay-type":"","overlay-color":"","overlay-opacity":"","overlay-gradient":""}}},"product_brand":[],"product_cat":[258],"product_tag":[257,248,237,318,251,377,234],"class_list":{"0":"post-27254","1":"product","2":"type-product","3":"status-publish","4":"has-post-thumbnail","6":"product_cat-categoria-cafe-del-teria-en","7":"product_tag-cafe-del-teria-en","8":"product_tag-dark-en","9":"product_tag-ground-en","10":"product_tag-natural-en","11":"product_tag-robusta-en","12":"product_tag-single-variety-en","13":"product_tag-specialty-coffees-en","14":"desktop-align-left","15":"tablet-align-left","16":"mobile-align-left","18":"first","19":"outofstock","20":"taxable","21":"shipping-taxable","22":"purchasable","23":"product-type-variable-subscription"},"_links":{"self":[{"href":"https:\/\/store.cafeyaroma.com\/en\/wp-json\/wp\/v2\/product\/27254","targetHints":{"allow":["GET"]}}],"collection":[{"href":"https:\/\/store.cafeyaroma.com\/en\/wp-json\/wp\/v2\/product"}],"about":[{"href":"https:\/\/store.cafeyaroma.com\/en\/wp-json\/wp\/v2\/types\/product"}],"replies":[{"embeddable":true,"href":"https:\/\/store.cafeyaroma.com\/en\/wp-json\/wp\/v2\/comments?post=27254"}],"wp:featuredmedia":[{"embeddable":true,"href":"https:\/\/store.cafeyaroma.com\/en\/wp-json\/wp\/v2\/media\/25323"}],"wp:attachment":[{"href":"https:\/\/store.cafeyaroma.com\/en\/wp-json\/wp\/v2\/media?parent=27254"}],"wp:term":[{"taxonomy":"product_brand","embeddable":true,"href":"https:\/\/store.cafeyaroma.com\/en\/wp-json\/wp\/v2\/product_brand?post=27254"},{"taxonomy":"product_cat","embeddable":true,"href":"https:\/\/store.cafeyaroma.com\/en\/wp-json\/wp\/v2\/product_cat?post=27254"},{"taxonomy":"product_tag","embeddable":true,"href":"https:\/\/store.cafeyaroma.com\/en\/wp-json\/wp\/v2\/product_tag?post=27254"}],"curies":[{"name":"wp","href":"https:\/\/api.w.org\/{rel}","templated":true}]}}