{"id":31937,"date":"2020-06-17T13:22:00","date_gmt":"2020-06-17T18:22:00","guid":{"rendered":"https:\/\/store.cafeyaroma.com\/?post_type=product&#038;p=31937"},"modified":"2022-11-08T12:39:06","modified_gmt":"2022-11-08T17:39:06","slug":"cafe-don-benjie-typica-natural-carbonic-maceration-for-competitions-whole-bean-coffee-100g","status":"publish","type":"product","link":"https:\/\/store.cafeyaroma.com\/en\/producto\/cafe-don-benjie-typica-natural-carbonic-maceration-for-competitions-whole-bean-coffee-100g\/","title":{"rendered":"Caf\u00e9 Don Benjie &#8211; Typica Natural Carbonic Maceration For Competitions Whole Bean Coffee 100g"},"content":{"rendered":"<p style=\"text-align: center;\">The De Dianous family arrived in Boquete in 1914, where Gabriel de Dianous bought the first farm in Bajo Mono.<br \/>\nThe first owner of the \u201cCaf\u00e9 Don Benjie Estate\u201d farm was a Lady of North American origin who was one of the first pioneers in Boquete.<br \/>\nDr. Renan Esquivel, renowned pediatrician and former Minister of Health bought the farm in the 1980s. As a nature enthusiast, he planted several species of exotic trees and plants, among other different varieties of coffee, and today all this resource that brings beauty to the farm.<br \/>\nMessrs. Stefan A. M\u00fcller and Jos\u00e9 Benjam\u00edn de Dianous H. They bought the farm in 2011 and since then they are planting different varieties of coffee such as Geisha, Typica, Caturra, Catuai, Maragogipe, Pacamara, Bourbones and SL28. The coffees are carefully harvest by variety and processed with different methods such as: washed, natural, anaerobic, carbonic, etc.<br \/>\nThe plantation is managed in a nature-friendly way, preserving the flora and fauna of this beautiful farm in Bajo Mono Boquete. Good agricultural practices and worker welfare are important pillars within the Caf\u00e9 Don Benjie Estate philosophy.<br \/>\nThe farm is located at altitudes between 1400 to 1600 masl and has an area of 30 Hectare of which 23 Hectare are planted with coffee and fruit trees. The rest are forests and protected areas.<br \/>\nThe clear waters of the Caldera River border the farm for 1.5 km and contribute to the microclimate of the Bajo Mono region, one of the ideal regions for producing specialty coffee.<\/p>\n","protected":false},"excerpt":{"rendered":"<p style=\"text-align: center;\"><strong>Farm:<\/strong> Don Benjie <strong>Height:<\/strong> 1400 m <strong>Variety:<\/strong> Typical. <strong>Process:<\/strong> Natural Carbonic Maceration<\/p>\n<p style=\"text-align: center;\"><strong>Aroma:<\/strong> Floral. <strong>Flavors:<\/strong> Red Fruits, Caramel, Lime<\/p>\n<p style=\"text-align: center;\">Special Edition Private Stash from Finca Don Benjie, shows the first processed lot of natural carbonic maceration of this variety and designed for competitions. The exotic nature of the process makes this coffee special.<\/p>\n<p style=\"text-align: center;\">A SELECTION OF<\/p>\n<p style=\"text-align: center;\"><img decoding=\"async\" class=\"alignnone size-full wp-image-19685\" src=\"https:\/\/store.cafeyaroma.com\/wp-content\/uploads\/2019\/04\/logo1_m.png\" alt=\"\" width=\"137\" height=\"70\" \/><\/p>\n","protected":false},"featured_media":31939,"comment_status":"closed","ping_status":"closed","template":"","meta":{"site-sidebar-layout":"default","site-content-layout":"default","ast-site-content-layout":"default","site-content-style":"default","site-sidebar-style":"default","ast-global-header-display":"","ast-banner-title-visibility":"","ast-main-header-display":"","ast-hfb-above-header-display":"","ast-hfb-below-header-display":"","ast-hfb-mobile-header-display":"","site-post-title":"","ast-breadcrumbs-content":"","ast-featured-img":"","footer-sml-layout":"","ast-disable-related-posts":"","theme-transparent-header-meta":"default","adv-header-id-meta":"","stick-header-meta":"","header-above-stick-meta":"","header-main-stick-meta":"","header-below-stick-meta":"","astra-migrate-meta-layouts":"default","ast-page-background-enabled":"default","ast-page-background-meta":{"desktop":{"background-color":"var(--ast-global-color-4)","background-image":"","background-repeat":"repeat","background-position":"center center","background-size":"auto","background-attachment":"scroll","background-type":"","background-media":"","overlay-type":"","overlay-color":"","overlay-opacity":"","overlay-gradient":""},"tablet":{"background-color":"","background-image":"","background-repeat":"repeat","background-position":"center center","background-size":"auto","background-attachment":"scroll","background-type":"","background-media":"","overlay-type":"","overlay-color":"","overlay-opacity":"","overlay-gradient":""},"mobile":{"background-color":"","background-image":"","background-repeat":"repeat","background-position":"center center","background-size":"auto","background-attachment":"scroll","background-type":"","background-media":"","overlay-type":"","overlay-color":"","overlay-opacity":"","overlay-gradient":""}},"ast-content-background-meta":{"desktop":{"background-color":"var(--ast-global-color-5)","background-image":"","background-repeat":"repeat","background-position":"center center","background-size":"auto","background-attachment":"scroll","background-type":"","background-media":"","overlay-type":"","overlay-color":"","overlay-opacity":"","overlay-gradient":""},"tablet":{"background-color":"var(--ast-global-color-5)","background-image":"","background-repeat":"repeat","background-position":"center center","background-size":"auto","background-attachment":"scroll","background-type":"","background-media":"","overlay-type":"","overlay-color":"","overlay-opacity":"","overlay-gradient":""},"mobile":{"background-color":"var(--ast-global-color-5)","background-image":"","background-repeat":"repeat","background-position":"center center","background-size":"auto","background-attachment":"scroll","background-type":"","background-media":"","overlay-type":"","overlay-color":"","overlay-opacity":"","overlay-gradient":""}}},"product_brand":[],"product_cat":[233],"product_tag":[232,227,499,229,377,231,347,234,505,326,228],"class_list":{"0":"post-31937","1":"product","2":"type-product","3":"status-publish","4":"has-post-thumbnail","6":"product_cat-categoria-cafe-don-benjie-en","7":"product_tag-arabica-en","8":"product_tag-cafe-don-benjie-en","9":"product_tag-competencia-en","10":"product_tag-light-en","11":"product_tag-single-variety-en","12":"product_tag-special-edition-en","13":"product_tag-special-process-en","14":"product_tag-specialty-coffees-en","15":"product_tag-tamanos-especiales-en","16":"product_tag-typica-en","17":"product_tag-whole-bean-en","18":"desktop-align-left","19":"tablet-align-left","20":"mobile-align-left","22":"first","23":"outofstock","24":"taxable","25":"shipping-taxable","26":"purchasable","27":"product-type-simple"},"_links":{"self":[{"href":"https:\/\/store.cafeyaroma.com\/en\/wp-json\/wp\/v2\/product\/31937","targetHints":{"allow":["GET"]}}],"collection":[{"href":"https:\/\/store.cafeyaroma.com\/en\/wp-json\/wp\/v2\/product"}],"about":[{"href":"https:\/\/store.cafeyaroma.com\/en\/wp-json\/wp\/v2\/types\/product"}],"replies":[{"embeddable":true,"href":"https:\/\/store.cafeyaroma.com\/en\/wp-json\/wp\/v2\/comments?post=31937"}],"wp:featuredmedia":[{"embeddable":true,"href":"https:\/\/store.cafeyaroma.com\/en\/wp-json\/wp\/v2\/media\/31939"}],"wp:attachment":[{"href":"https:\/\/store.cafeyaroma.com\/en\/wp-json\/wp\/v2\/media?parent=31937"}],"wp:term":[{"taxonomy":"product_brand","embeddable":true,"href":"https:\/\/store.cafeyaroma.com\/en\/wp-json\/wp\/v2\/product_brand?post=31937"},{"taxonomy":"product_cat","embeddable":true,"href":"https:\/\/store.cafeyaroma.com\/en\/wp-json\/wp\/v2\/product_cat?post=31937"},{"taxonomy":"product_tag","embeddable":true,"href":"https:\/\/store.cafeyaroma.com\/en\/wp-json\/wp\/v2\/product_tag?post=31937"}],"curies":[{"name":"wp","href":"https:\/\/api.w.org\/{rel}","templated":true}]}}